{"id":11,"date":"2024-04-23T12:43:32","date_gmt":"2024-04-23T10:43:32","guid":{"rendered":"https:\/\/bangla-deshi.eu\/?page_id=11"},"modified":"2024-05-28T23:40:14","modified_gmt":"2024-05-28T21:40:14","slug":"o-nas","status":"publish","type":"page","link":"https:\/\/bangla-deshi.eu\/en\/o-nas\/","title":{"rendered":"About us"},"content":{"rendered":"<div data-elementor-type=\"wp-page\" data-elementor-id=\"11\" class=\"elementor elementor-11\">\n\t\t\t\t<div class=\"elementor-element elementor-element-1f0c800 e-flex e-con-boxed e-con e-parent\" data-id=\"1f0c800\" data-element_type=\"container\" data-settings=\"{&quot;background_background&quot;:&quot;classic&quot;,&quot;_ha_eqh_enable&quot;:false}\">\n\t\t\t\t\t<div class=\"e-con-inner\">\n\t\t\t\t<div class=\"elementor-element elementor-element-6288ab6 elementor-widget elementor-widget-heading\" data-id=\"6288ab6\" data-element_type=\"widget\" data-widget_type=\"heading.default\">\n\t\t\t\t<div class=\"elementor-widget-container\">\n\t\t\t<style>\/*! elementor - v3.21.0 - 24-04-2024 *\/\n.elementor-heading-title{padding:0;margin:0;line-height:1}.elementor-widget-heading .elementor-heading-title[class*=elementor-size-]>a{color:inherit;font-size:inherit;line-height:inherit}.elementor-widget-heading .elementor-heading-title.elementor-size-small{font-size:15px}.elementor-widget-heading .elementor-heading-title.elementor-size-medium{font-size:19px}.elementor-widget-heading .elementor-heading-title.elementor-size-large{font-size:29px}.elementor-widget-heading .elementor-heading-title.elementor-size-xl{font-size:39px}.elementor-widget-heading .elementor-heading-title.elementor-size-xxl{font-size:59px}<\/style><h2 class=\"elementor-heading-title elementor-size-default\">About us<\/h2>\t\t<\/div>\n\t\t\t\t<\/div>\n\t\t\t\t<div class=\"elementor-element elementor-element-bc71378 elementor-widget elementor-widget-heading\" data-id=\"bc71378\" data-element_type=\"widget\" data-widget_type=\"heading.default\">\n\t\t\t\t<div class=\"elementor-widget-container\">\n\t\t\t<h2 class=\"elementor-heading-title elementor-size-default\">We are the first restaurant in Silesia to offer <br>bengali cuisine.<\/h2>\t\t<\/div>\n\t\t\t\t<\/div>\n\t\t\t\t\t<\/div>\n\t\t\t\t<\/div>\n\t\t<div class=\"elementor-element elementor-element-fd6070a e-con-full e-flex e-con e-parent\" data-id=\"fd6070a\" data-element_type=\"container\" data-settings=\"{&quot;_ha_eqh_enable&quot;:false}\">\n\t\t<div class=\"elementor-element elementor-element-1ef6412 e-con-full e-flex e-con e-child\" data-id=\"1ef6412\" data-element_type=\"container\" data-settings=\"{&quot;background_background&quot;:&quot;classic&quot;,&quot;_ha_eqh_enable&quot;:false}\">\n\t\t\t\t<div class=\"elementor-element elementor-element-8dd5337 elementor-widget elementor-widget-image\" data-id=\"8dd5337\" data-element_type=\"widget\" data-widget_type=\"image.default\">\n\t\t\t\t<div class=\"elementor-widget-container\">\n\t\t\t<style>\/*! elementor - v3.21.0 - 24-04-2024 *\/\n.elementor-widget-image{text-align:center}.elementor-widget-image a{display:inline-block}.elementor-widget-image a img[src$=\".svg\"]{width:48px}.elementor-widget-image img{vertical-align:middle;display:inline-block}<\/style>\t\t\t\t\t\t\t\t\t\t<img fetchpriority=\"high\" decoding=\"async\" width=\"900\" height=\"830\" src=\"https:\/\/bangla-deshi.eu\/wp-content\/uploads\/2024\/04\/ethann.jpg\" class=\"attachment-full size-full wp-image-265\" alt=\"\" srcset=\"https:\/\/bangla-deshi.eu\/wp-content\/uploads\/2024\/04\/ethann.jpg 900w, https:\/\/bangla-deshi.eu\/wp-content\/uploads\/2024\/04\/ethann-300x277.jpg 300w, https:\/\/bangla-deshi.eu\/wp-content\/uploads\/2024\/04\/ethann-768x708.jpg 768w\" sizes=\"100vw\" \/>\t\t\t\t\t\t\t\t\t\t\t\t\t<\/div>\n\t\t\t\t<\/div>\n\t\t\t\t<\/div>\n\t\t<div class=\"elementor-element elementor-element-bee394b e-con-full e-flex e-con e-child\" data-id=\"bee394b\" data-element_type=\"container\" data-settings=\"{&quot;background_background&quot;:&quot;classic&quot;,&quot;_ha_eqh_enable&quot;:false}\">\n\t\t\t\t<div class=\"elementor-element elementor-element-9c56fe9 elementor-widget elementor-widget-text-editor\" data-id=\"9c56fe9\" data-element_type=\"widget\" data-widget_type=\"text-editor.default\">\n\t\t\t\t<div class=\"elementor-widget-container\">\n\t\t\t<style>\/*! elementor - v3.21.0 - 24-04-2024 *\/\n.elementor-widget-text-editor.elementor-drop-cap-view-stacked .elementor-drop-cap{background-color:#69727d;color:#fff}.elementor-widget-text-editor.elementor-drop-cap-view-framed .elementor-drop-cap{color:#69727d;border:3px solid;background-color:transparent}.elementor-widget-text-editor:not(.elementor-drop-cap-view-default) .elementor-drop-cap{margin-top:8px}.elementor-widget-text-editor:not(.elementor-drop-cap-view-default) .elementor-drop-cap-letter{width:1em;height:1em}.elementor-widget-text-editor .elementor-drop-cap{float:left;text-align:center;line-height:1;font-size:50px}.elementor-widget-text-editor .elementor-drop-cap-letter{display:inline-block}<\/style>\t\t\t\t<p>We started in 2012 thanks to the passion for cooking of the owner-Ehsan Muttalib. We opened our first Indian restaurant-Masala House.<\/p>\t\t\t\t\t\t<\/div>\n\t\t\t\t<\/div>\n\t\t\t\t<\/div>\n\t\t\t\t<\/div>\n\t\t<div class=\"elementor-element elementor-element-19bdf33 e-con-full e-flex e-con e-parent\" data-id=\"19bdf33\" data-element_type=\"container\" data-settings=\"{&quot;_ha_eqh_enable&quot;:false}\">\n\t\t<div class=\"elementor-element elementor-element-7bc766c e-con-full e-flex e-con e-child\" data-id=\"7bc766c\" data-element_type=\"container\" data-settings=\"{&quot;background_background&quot;:&quot;classic&quot;,&quot;_ha_eqh_enable&quot;:false}\">\n\t\t\t\t<div class=\"elementor-element elementor-element-1d0334b elementor-widget elementor-widget-text-editor\" data-id=\"1d0334b\" data-element_type=\"widget\" data-widget_type=\"text-editor.default\">\n\t\t\t\t<div class=\"elementor-widget-container\">\n\t\t\t\t\t\t\t<p>After 12 years of operation, we have opened for you the Bangladeshi Shop &amp; Dine, the first restaurant in Silesia to offer Bengali cuisine. Meals will be sold by weight.<\/p><p>In addition to food in the restaurant, you can buy oriental food and not only.<\/p>\t\t\t\t\t\t<\/div>\n\t\t\t\t<\/div>\n\t\t\t\t<\/div>\n\t\t<div class=\"elementor-element elementor-element-2793dc2 e-con-full e-flex e-con e-child\" data-id=\"2793dc2\" data-element_type=\"container\" data-settings=\"{&quot;background_background&quot;:&quot;classic&quot;,&quot;_ha_eqh_enable&quot;:false}\">\n\t\t\t\t<div class=\"elementor-element elementor-element-3f00b40 elementor-widget elementor-widget-image\" data-id=\"3f00b40\" data-element_type=\"widget\" data-widget_type=\"image.default\">\n\t\t\t\t<div class=\"elementor-widget-container\">\n\t\t\t\t\t\t\t\t\t\t\t\t\t<img decoding=\"async\" width=\"1234\" height=\"1442\" src=\"https:\/\/bangla-deshi.eu\/wp-content\/uploads\/2024\/04\/bangla.jpg\" class=\"attachment-full size-full wp-image-269\" alt=\"\" srcset=\"https:\/\/bangla-deshi.eu\/wp-content\/uploads\/2024\/04\/bangla.jpg 1234w, https:\/\/bangla-deshi.eu\/wp-content\/uploads\/2024\/04\/bangla-257x300.jpg 257w, https:\/\/bangla-deshi.eu\/wp-content\/uploads\/2024\/04\/bangla-876x1024.jpg 876w, https:\/\/bangla-deshi.eu\/wp-content\/uploads\/2024\/04\/bangla-768x897.jpg 768w\" sizes=\"100vw\" \/>\t\t\t\t\t\t\t\t\t\t\t\t\t<\/div>\n\t\t\t\t<\/div>\n\t\t\t\t<\/div>\n\t\t\t\t<\/div>\n\t\t\t\t<\/div>","protected":false},"excerpt":{"rendered":"<p>O nas Jeste\u015bmy pierwsz\u0105 restauracj\u0105 na \u015al\u0105sku oferuj\u0105c\u0105 dania kuchni bengalskiej. Zacz\u0119li\u015bmy w 2012 dzi\u0119ki pasji do gotowania samego W\u0142a\u015bciciela \u2013 Ehsana Muttalib. Otwarli\u015bmy nasz\u0105 pierwszs\u0105 restauracj\u0119 indyjsk\u0105 &#8211; Masala House. Po 12 latach dzia\u0142alno\u015bci otwarli\u015bmy dla Was Bangladeshi Shop &amp; Dine , to pierwsza restauracja na \u015al\u0105sku oferuj\u0105ca dania kuchni bengalskiej. Dania b\u0119d\u0105 sprzedawane &hellip; <\/p>\n<p class=\"link-more\"><a href=\"https:\/\/bangla-deshi.eu\/en\/o-nas\/\" class=\"more-link\">Continue reading<span class=\"screen-reader-text\"> &#8222;O nas&#8221;<\/span><\/a><\/p>","protected":false},"author":1,"featured_media":0,"parent":0,"menu_order":0,"comment_status":"closed","ping_status":"closed","template":"elementor_canvas","meta":{"footnotes":""},"class_list":["post-11","page","type-page","status-publish","hentry"],"_links":{"self":[{"href":"https:\/\/bangla-deshi.eu\/en\/wp-json\/wp\/v2\/pages\/11","targetHints":{"allow":["GET"]}}],"collection":[{"href":"https:\/\/bangla-deshi.eu\/en\/wp-json\/wp\/v2\/pages"}],"about":[{"href":"https:\/\/bangla-deshi.eu\/en\/wp-json\/wp\/v2\/types\/page"}],"author":[{"embeddable":true,"href":"https:\/\/bangla-deshi.eu\/en\/wp-json\/wp\/v2\/users\/1"}],"replies":[{"embeddable":true,"href":"https:\/\/bangla-deshi.eu\/en\/wp-json\/wp\/v2\/comments?post=11"}],"version-history":[{"count":22,"href":"https:\/\/bangla-deshi.eu\/en\/wp-json\/wp\/v2\/pages\/11\/revisions"}],"predecessor-version":[{"id":376,"href":"https:\/\/bangla-deshi.eu\/en\/wp-json\/wp\/v2\/pages\/11\/revisions\/376"}],"wp:attachment":[{"href":"https:\/\/bangla-deshi.eu\/en\/wp-json\/wp\/v2\/media?parent=11"}],"curies":[{"name":"wp","href":"https:\/\/api.w.org\/{rel}","templated":true}]}}